{"id":54003,"date":"2025-10-14T12:53:42","date_gmt":"2025-10-14T03:53:42","guid":{"rendered":"https:\/\/lib.kobe-u.ac.jp\/libraries\/?page_id=54003"},"modified":"2025-10-14T12:53:42","modified_gmt":"2025-10-14T03:53:42","slug":"tenjilist202510","status":"publish","type":"page","link":"https:\/\/lib.kobe-u.ac.jp\/libraries\/list\/rieb\/tenjilist202510\/","title":{"rendered":"\u7d4c\u6e08\u7d4c\u55b6\u7814\u7a76\u6240\u56f3\u66f8\u9928\u5c55\u793a\u30ea\u30b9\u30c8\u300cCountries &amp; regions \u00d7 \u7d4c\u6e08\u30fb\u7d4c\u55b6\u300d2025\u5e7410\u6708-"},"content":{"rendered":"<h3>\u7d4c\u6e08\u7d4c\u55b6\u7814\u7a76\u6240\u56f3\u66f8\u9928\u5c55\u793a\u30ea\u30b9\u30c8\u300cCountries &amp;\u3000regions \u00d7 \u7d4c\u6e08\u30fb\u7d4c\u55b6\u300d2025\u5e7410\u6708-<\/h3>\n<div class='list-table'>\n<table>\n<thead>\n<tr>\n<th>NO.<\/th>\n<th>\u30bf\u30a4\u30c8\u30eb\u60c5\u5831<\/th>\n<th>\u5dfb\u518a\u6b21\u7b49<\/th>\n<th>\u8acb\u6c42\u8a18\u53f7<\/th>\n<\/tr>\n<\/thead>\n<tbody>\n<tr>\n<th>1<\/th>\n<td data-labela='\u30bf\u30a4\u30c8\u30eb\u60c5\u5831'><a class='link-open' href='https:\/\/op.lib.kobe-u.ac.jp\/opac\/opac_details\/?amode=11&amp;bibid=3000016288' target='_blank'>\u4e2d\u56fd\u5e74\u9451 \/ \u4e2d\u56fd\u7814\u7a76\u6240\u7de8<\/a><\/td>\n<td data-labelb='\u5dfb\u518a\u6b21\u7b49'>2025<\/td>\n<td data-labelc='\u8acb\u6c42\u8a18\u53f7'>302.2-29\/\/2025<\/td>\n<\/tr>\n<tr>\n<th>2<\/th>\n<td data-labela='\u30bf\u30a4\u30c8\u30eb\u60c5\u5831'><a class='link-open' href='https:\/\/op.lib.kobe-u.ac.jp\/opac\/opac_details\/?amode=11&amp;bibid=2002314149' target='_blank'>\u5fb9\u5e95\u89e3\u8aac!\u3053\u308c\u304b\u3089\u306e\u30a4\u30f3\u30c9\u30d3\u30b8\u30cd\u30b9 : \u653f\u6cbb\u30fb\u7d4c\u6e08\u30fb\u793e\u4f1a\u30fb\u30d3\u30b8\u30cd\u30b9\u74b0\u5883 \/ \u65e5\u672c\u8cbf\u6613\u632f\u8208\u6a5f\u69cb (\u30b8\u30a7\u30c8\u30ed) \u7de8\u8457<\/a><\/td>\n<td data-labelb='\u5dfb\u518a\u6b21\u7b49'><\/td>\n<td data-labelc='\u8acb\u6c42\u8a18\u53f7'>302.25-15<\/td>\n<\/tr>\n<tr>\n<th>3<\/th>\n<td data-labela='\u30bf\u30a4\u30c8\u30eb\u60c5\u5831'><a class='link-open' href='https:\/\/op.lib.kobe-u.ac.jp\/opac\/opac_details\/?amode=11&amp;bibid=2002280116' target='_blank'>\u30e9\u30c6\u30f3\u30a2\u30e1\u30ea\u30ab\u5730\u7403\u898f\u6a21\u8ab2\u984c\u306e\u5b9f\u8df5 \/ \u7551\u60e0\u5b50, \u6d66\u90e8\u6d69\u4e4b\u7de8<\/a><\/td>\n<td data-labelb='\u5dfb\u518a\u6b21\u7b49'><\/td>\n<td data-labelc='\u8acb\u6c42\u8a18\u53f7'>302.5-50<\/td>\n<\/tr>\n<tr>\n<th>4<\/th>\n<td data-labela='\u30bf\u30a4\u30c8\u30eb\u60c5\u5831'><a class='link-open' href='https:\/\/op.lib.kobe-u.ac.jp\/opac\/opac_details\/?amode=11&amp;bibid=2002340109' target='_blank'>\u5730\u56f3\u3067\u898b\u308b\u30e9\u30c6\u30f3\u30a2\u30e1\u30ea\u30ab\u30cf\u30f3\u30c9\u30d6\u30c3\u30af \/ \u30aa\u30ea\u30f4\u30a3\u30a8\u30fb\u30c0\u30d9\u30fc\u30cc, \u30d5\u30ec\u30c7\u30ea\u30c3\u30af\u30fb\u30eb\u30aa\u30fc\u8457 ; \u592a\u7530\u4f50\u7d75\u5b50\u8a33<\/a><\/td>\n<td data-labelb='\u5dfb\u518a\u6b21\u7b49'><\/td>\n<td data-labelc='\u8acb\u6c42\u8a18\u53f7'>302.6-133<\/td>\n<\/tr>\n<tr>\n<th>5<\/th>\n<td data-labela='\u30bf\u30a4\u30c8\u30eb\u60c5\u5831'><a class='link-open' href='https:\/\/op.lib.kobe-u.ac.jp\/opac\/opac_details\/?amode=11&amp;bibid=2002353720' target='_blank'>\u30d6\u30e9\u30b8\u30eb\u306e\u4eba\u3068\u793e\u4f1a \/ \u7530\u6751\u68a8\u82b1 [\u307b\u304b] \u5171\u7de8<\/a><\/td>\n<td data-labelb='\u5dfb\u518a\u6b21\u7b49'><\/td>\n<td data-labelc='\u8acb\u6c42\u8a18\u53f7'>302.6-134<\/td>\n<\/tr>\n<tr>\n<th>6<\/th>\n<td data-labela='\u30bf\u30a4\u30c8\u30eb\u60c5\u5831'><a class='link-open' href='https:\/\/op.lib.kobe-u.ac.jp\/opac\/opac_details\/?amode=11&amp;bibid=2002355406' target='_blank'>\u8fba\u5883\u304b\u3089\u30b3\u30ed\u30f3\u30d3\u30a2\u3092\u898b\u308b : \u53ef\u8996\u6027\u3068\u5468\u7e01\u6027\u306e\u76f8\u514b = Revisitar Colombia desde sus periferias : entre la visibilidad y la marginalidad \/ \u5e61\u8c37\u5247\u5b50, \u5343\u4ee3\u52c7\u4e00\u7de8\u8457<\/a><\/td>\n<td data-labelb='\u5dfb\u518a\u6b21\u7b49'><\/td>\n<td data-labelc='\u8acb\u6c42\u8a18\u53f7'>302.6-135<\/td>\n<\/tr>\n<tr>\n<th>7<\/th>\n<td data-labela='\u30bf\u30a4\u30c8\u30eb\u60c5\u5831'><a class='link-open' href='https:\/\/op.lib.kobe-u.ac.jp\/opac\/opac_details\/?amode=11&amp;bibid=2002327804' target='_blank'>\u5730\u56f3\u3067\u898b\u308b\u30aa\u30bb\u30a2\u30cb\u30a2\u30cf\u30f3\u30c9\u30d6\u30c3\u30af \/ \u30d5\u30a1\u30d6\u30ea\u30b9\u30fb\u30a2\u30eb\u30b0\u30cd\u30b9, \u30b5\u30e9\u30fb\u30e2\u30a2\u30e1\u30c9=\u30ac\u30a4\u30e4\u30fc\u30eb, \u30ea\u30e5\u30c3\u30af\u30fb\u30f4\u30a1\u30b7\u30a7\u8457 ; \u5409\u7530\u6625\u7f8e\u8a33<\/a><\/td>\n<td data-labelb='\u5dfb\u518a\u6b21\u7b49'><\/td>\n<td data-labelc='\u8acb\u6c42\u8a18\u53f7'>302.7-41<\/td>\n<\/tr>\n<tr>\n<th>8<\/th>\n<td data-labela='\u30bf\u30a4\u30c8\u30eb\u60c5\u5831'><a class='link-open' href='https:\/\/op.lib.kobe-u.ac.jp\/opac\/opac_details\/?amode=11&amp;bibid=2002361761' target='_blank'>\u30a4\u30f3\u30c9\u5916\u4ea4\u306e\u65b0\u305f\u306a\u6226\u7565 : \u306a\u305c\u300c\u30d0\u30fc\u30e9\u30c8\u300d\u304c\u91cd\u8981\u306a\u306e\u304b \/ S\u30fb\u30b8\u30e3\u30a4\u30b7\u30e3\u30f3\u30ab\u30eb\u8457<\/a><\/td>\n<td data-labelb='\u5dfb\u518a\u6b21\u7b49'><\/td>\n<td data-labelc='\u8acb\u6c42\u8a18\u53f7'>319.2-55<\/td>\n<\/tr>\n<tr>\n<th>9<\/th>\n<td data-labela='\u30bf\u30a4\u30c8\u30eb\u60c5\u5831'><a class='link-open' href='https:\/\/op.lib.kobe-u.ac.jp\/opac\/opac_details\/?amode=11&amp;bibid=2002329352' target='_blank'>\u4e2d\u56fd\u653f\u6cbb\u7d4c\u6e08\u306e\u69cb\u9020\u7684\u8ee2\u63db \/ \u8c37\u53e3\u6d0b\u5fd7\u7de8\u8457<\/a><\/td>\n<td data-labelb='\u5dfb\u518a\u6b21\u7b49'>3<\/td>\n<td data-labelc='\u8acb\u6c42\u8a18\u53f7'>332.22-44\/\/3<\/td>\n<\/tr>\n<tr>\n<th>10<\/th>\n<td data-labela='\u30bf\u30a4\u30c8\u30eb\u60c5\u5831'><a class='link-open' href='https:\/\/op.lib.kobe-u.ac.jp\/opac\/opac_details\/?amode=11&amp;bibid=2002333479' target='_blank'>\u30de\u30ec\u30fc\u30b7\u30a2\u306b\u5b66\u3076\u7d4c\u6e08\u767a\u5c55\u6226\u7565 : \u300c\u4e2d\u6240\u5f97\u56fd\u306e\u7f60\u300d\u3092\u514b\u670d\u3059\u308b\u30d2\u30f3\u30c8 \/ \u718a\u8c37\u8061, \u4e2d\u6751\u6b63\u5fd7\u8457<\/a><\/td>\n<td data-labelb='\u5dfb\u518a\u6b21\u7b49'><\/td>\n<td data-labelc='\u8acb\u6c42\u8a18\u53f7'>332.23-12<\/td>\n<\/tr>\n<tr>\n<th>11<\/th>\n<td data-labela='\u30bf\u30a4\u30c8\u30eb\u60c5\u5831'><a class='link-open' href='https:\/\/op.lib.kobe-u.ac.jp\/opac\/opac_details\/?amode=11&amp;bibid=2002354865' target='_blank'>\u30d9\u30c8\u30ca\u30e0\u306e\u6311\u6226 : 2045\u5e74\u9ad8\u6240\u5f97\u56fd\u5165\u308a\u3092\u76ee\u6307\u3057\u3066 \/ \u6728\u6751\u798f\u6210 [\u307b\u304b] \u7de8<\/a><\/td>\n<td data-labelb='\u5dfb\u518a\u6b21\u7b49'><\/td>\n<td data-labelc='\u8acb\u6c42\u8a18\u53f7'>332.23-13<\/td>\n<\/tr>\n<tr>\n<th>12<\/th>\n<td data-labela='\u30bf\u30a4\u30c8\u30eb\u60c5\u5831'><a class='link-open' href='https:\/\/op.lib.kobe-u.ac.jp\/opac\/opac_details\/?amode=11&amp;bibid=2002279955' target='_blank'>\u56f3\u89e3\u30a4\u30f3\u30c9\u7d4c\u6e08\u5927\u5168 : \u653f\u6cbb\u30fb\u793e\u4f1a\u30fb\u6587\u5316\u304b\u3089\u9032\u51fa\u5b9f\u52d9\u307e\u3067 : \u516811\u7523\u696d\u5206\u91ce(73\u696d\u754c)\u53ce\u9332\u7248 \/ \u4f50\u85e4\u9686\u5e83, \u4e0a\u91ce\u6b63\u6a39\u7de8\u8457<\/a><\/td>\n<td data-labelb='\u5dfb\u518a\u6b21\u7b49'><\/td>\n<td data-labelc='\u8acb\u6c42\u8a18\u53f7'>332.25-15<\/td>\n<\/tr>\n<tr>\n<th>13<\/th>\n<td data-labela='\u30bf\u30a4\u30c8\u30eb\u60c5\u5831'><a class='link-open' href='https:\/\/op.lib.kobe-u.ac.jp\/opac\/opac_details\/?amode=11&amp;bibid=2002334613' target='_blank'>\u7d4c\u6e08\u5927\u56fd\u30a4\u30f3\u30c9\u306e\u6a5f\u4f1a\u3068\u6311\u6226 : \u30b0\u30ed\u30fc\u30d0\u30eb\u30fb\u30d0\u30ea\u30e5\u30fc\u30c1\u30a7\u30fc\u30f3\u3068\u81ea\u7acb\u3092\u5fd7\u5411\u3059\u308b\u30a4\u30f3\u30c9\u306e\u7523\u696d\u767a\u5c55 \/ \u4f50\u85e4\u9686\u5e83\u7de8\u8457<\/a><\/td>\n<td data-labelb='\u5dfb\u518a\u6b21\u7b49'><\/td>\n<td data-labelc='\u8acb\u6c42\u8a18\u53f7'>332.25-17<\/td>\n<\/tr>\n<tr>\n<th>14<\/th>\n<td data-labela='\u30bf\u30a4\u30c8\u30eb\u60c5\u5831'><a class='link-open' href='https:\/\/op.lib.kobe-u.ac.jp\/opac\/opac_details\/?amode=11&amp;bibid=2002353742' target='_blank'>\u30a2\u30d5\u30ea\u30ab\u7d4c\u6e08\u958b\u767a\u8ad6 \/ \u9ad8\u6a4b\u57fa\u6a39 [\u307b\u304b] \u7de8\u8457<\/a><\/td>\n<td data-labelb='\u5dfb\u518a\u6b21\u7b49'><\/td>\n<td data-labelc='\u8acb\u6c42\u8a18\u53f7'>332.4-55<\/td>\n<\/tr>\n<tr>\n<th>15<\/th>\n<td data-labela='\u30bf\u30a4\u30c8\u30eb\u60c5\u5831'><a class='link-open' href='https:\/\/op.lib.kobe-u.ac.jp\/opac\/opac_details\/?amode=11&amp;bibid=2002345478' target='_blank'>\u30e9\u30c6\u30f3\u30a2\u30e1\u30ea\u30ab\u7d4c\u6e08\u5165\u9580 = Introduction to Latin American economies \/ \u6e05\u6c34\u9054\u4e5f\u7de8<\/a><\/td>\n<td data-labelb='\u5dfb\u518a\u6b21\u7b49'><\/td>\n<td data-labelc='\u8acb\u6c42\u8a18\u53f7'>332.5-165<\/td>\n<\/tr>\n<tr>\n<th>16<\/th>\n<td data-labela='\u30bf\u30a4\u30c8\u30eb\u60c5\u5831'><a class='link-open' href='https:\/\/op.lib.kobe-u.ac.jp\/opac\/opac_details\/?amode=11&amp;bibid=2002353731' target='_blank'>\u6b66\u5668\u5316\u3059\u308b\u7d4c\u6e08 : \u30a2\u30e1\u30ea\u30ab\u306f\u3044\u304b\u306b\u3057\u3066\u4e16\u754c\u7d4c\u6e08\u3092\u8105\u3057\u306e\u9053\u5177\u306b\u3057\u305f\u306e\u304b \/ \u30d8\u30f3\u30ea\u30fc\u30fb\u30d5\u30a1\u30ec\u30eb, \u30a2\u30d6\u30e9\u30cf\u30e0\u30fb\u30cb\u30e5\u30fc\u30de\u30f3\u8457<\/a><\/td>\n<td data-labelb='\u5dfb\u518a\u6b21\u7b49'><\/td>\n<td data-labelc='\u8acb\u6c42\u8a18\u53f7'>332.5-166<\/td>\n<\/tr>\n<tr>\n<th>17<\/th>\n<td data-labela='\u30bf\u30a4\u30c8\u30eb\u60c5\u5831'><a class='link-open' href='https:\/\/op.lib.kobe-u.ac.jp\/opac\/opac_details\/?amode=11&amp;bibid=2002361764' target='_blank'>\u30e9\u30c6\u30f3\u30a2\u30e1\u30ea\u30ab\u3092\u3081\u3050\u308b\u30b0\u30ed\u30fc\u30d0\u30eb\u7d4c\u6e08\u570f : \u300c\u6f6e\u3068\u98a8\u300d\u3068\u5e06\u8239\u306b\u3088\u308b\u30dd\u30eb\u30c8\u30ac\u30eb\u30fb\u30b9\u30da\u30a4\u30f3\u306e\u30cd\u30c3\u30c8\u30ef\u30fc\u30af \/ \u4f4f\u7530\u80b2\u6cd5, \u725b\u5cf6\u4e07\u7de8\u8457<\/a><\/td>\n<td data-labelb='\u5dfb\u518a\u6b21\u7b49'><\/td>\n<td data-labelc='\u8acb\u6c42\u8a18\u53f7'>332.5-167<\/td>\n<\/tr>\n<tr>\n<th>18<\/th>\n<td data-labela='\u30bf\u30a4\u30c8\u30eb\u60c5\u5831'><a class='link-open' href='https:\/\/op.lib.kobe-u.ac.jp\/opac\/opac_details\/?amode=11&amp;bibid=2002332052' target='_blank'>\u5165\u9580\u56fd\u969b\u7d4c\u6e08Q&amp;A100 \/ \u5742\u51fa\u5065, \u677e\u6797\u6d0b\u4e00, \u5317\u91ce\u91cd\u4eba\u7de8\u8457<\/a><\/td>\n<td data-labelb='\u5dfb\u518a\u6b21\u7b49'><\/td>\n<td data-labelc='\u8acb\u6c42\u8a18\u53f7'>333.6-428<\/td>\n<\/tr>\n<tr>\n<th>19<\/th>\n<td data-labela='\u30bf\u30a4\u30c8\u30eb\u60c5\u5831'><a class='link-open' href='https:\/\/op.lib.kobe-u.ac.jp\/opac\/opac_details\/?amode=11&amp;bibid=2002360236' target='_blank'>130 anos atravessando o tempo e o oceano : di\u00e1logos entre o Brasil e o Jap\u00e3o na passagem do s\u00e9culo XIX para o XX = 130\u5e74 \u6642\u7a7a\u3068\u6d77\u3092\u8d8a\u3048\u3066 : 19\u4e16\u7d00\u304b\u308920\u4e16\u7d00\u3092\u901a\u3058\u305f\u65e5\u4f2f\u306e\u5bfe\u8a71 \/ Mario Giuseppe Losano [and four others]<\/a><\/td>\n<td data-labelb='\u5dfb\u518a\u6b21\u7b49'><\/td>\n<td data-labelc='\u8acb\u6c42\u8a18\u53f7'>334.46-100<\/td>\n<\/tr>\n<tr>\n<th>20<\/th>\n<td data-labela='\u30bf\u30a4\u30c8\u30eb\u60c5\u5831'><a class='link-open' href='https:\/\/op.lib.kobe-u.ac.jp\/opac\/opac_details\/?amode=11&amp;bibid=2002361769' target='_blank'>\u30d3\u30b8\u30cd\u30b9\u30d1\u30fc\u30bd\u30f3\u306a\u3089\u7d76\u5bfe\u77e5\u3063\u3066\u304a\u304d\u305f\u3044\u30a4\u30f3\u30c9\u4eba\u3068\u306e\u4ed8\u304d\u5408\u3044\u65b9 : 99%\u306e\u65e5\u672c\u4eba\u304c\u77e5\u3089\u306a\u3044\u30a4\u30f3\u30c9\u4eba\u306e\u5e38\u8b58\u3001\u975e\u5e38\u8b58 \/ \u30b5\u30c1\u30f3\u30fb\u30c1\u30e7\u30fc\u30c9\u30ea\u30fc\u8457<\/a><\/td>\n<td data-labelb='\u5dfb\u518a\u6b21\u7b49'><\/td>\n<td data-labelc='\u8acb\u6c42\u8a18\u53f7'>336.49-15<\/td>\n<\/tr>\n<tr>\n<th>21<\/th>\n<td data-labela='\u30bf\u30a4\u30c8\u30eb\u60c5\u5831'><a class='link-open' href='https:\/\/op.lib.kobe-u.ac.jp\/opac\/opac_details\/?amode=11&amp;bibid=2002353734' target='_blank'>\u30de\u30a4\u30af\u30ed\u30af\u30ec\u30b8\u30c3\u30c8\u306e\u5c0f\u3055\u306a\u5b9f\u9a13 : \u6771\u30c6\u30a3\u30e2\u30fc\u30eb\u306b\u3066 \/ \u677e\u8449\u7531\u7f8e\u5b50\u8457<\/a><\/td>\n<td data-labelb='\u5dfb\u518a\u6b21\u7b49'><\/td>\n<td data-labelc='\u8acb\u6c42\u8a18\u53f7'>338.7-53<\/td>\n<\/tr>\n<tr>\n<th>22<\/th>\n<td data-labela='\u30bf\u30a4\u30c8\u30eb\u60c5\u5831'><a class='link-open' href='https:\/\/op.lib.kobe-u.ac.jp\/opac\/opac_details\/?amode=11&amp;bibid=2002237319' target='_blank'>\u6a21\u5023\u3068\u9769\u65b0\u306e\u30a4\u30f3\u30c9\u88fd\u85ac\u7523\u696d\u53f2 : \u5f8c\u767a\u56fd\u306e\u30b0\u30ed\u30fc\u30d0\u30eb\u30fb\u30d0\u30ea\u30e5\u30fc\u30c1\u30a7\u30fc\u30f3\u6226\u7565 \/ \u4e0a\u6c60\u3042\u3064\u5b50\u8457<\/a><\/td>\n<td data-labelb='\u5dfb\u518a\u6b21\u7b49'><\/td>\n<td data-labelc='\u8acb\u6c42\u8a18\u53f7'>499.0-13<\/td>\n<\/tr>\n<\/tbody>\n<\/table>\n<\/div>\n","protected":false},"excerpt":{"rendered":"<p>\u7d4c\u6e08\u7d4c\u55b6\u7814\u7a76\u6240\u56f3\u66f8\u9928\u5c55\u793a\u30ea\u30b9\u30c8\u300cCountries &amp;\u3000regions \u00d7 \u7d4c\u6e08\u30fb\u7d4c\u55b6\u300d2025\u5e7410\u6708- NO. \u30bf\u30a4\u30c8\u30eb\u60c5\u5831 \u5dfb\u518a\u6b21\u7b49 \u8acb\u6c42\u8a18\u53f7 1\u2026<\/p>\n","protected":false},"author":16,"featured_media":0,"parent":16,"menu_order":0,"comment_status":"closed","ping_status":"closed","template":"page-templates\/full-width.php","meta":{"_locale":"ja","_original_post":"https:\/\/lib.kobe-u.ac.jp\/libraries\/?page_id=54003","footnotes":""},"class_list":["post-54003","page","type-page","status-publish","hentry","ja"],"aioseo_notices":[],"_links":{"self":[{"href":"https:\/\/lib.kobe-u.ac.jp\/libraries\/wp-json\/wp\/v2\/pages\/54003","targetHints":{"allow":["GET"]}}],"collection":[{"href":"https:\/\/lib.kobe-u.ac.jp\/libraries\/wp-json\/wp\/v2\/pages"}],"about":[{"href":"https:\/\/lib.kobe-u.ac.jp\/libraries\/wp-json\/wp\/v2\/types\/page"}],"author":[{"embeddable":true,"href":"https:\/\/lib.kobe-u.ac.jp\/libraries\/wp-json\/wp\/v2\/users\/16"}],"replies":[{"embeddable":true,"href":"https:\/\/lib.kobe-u.ac.jp\/libraries\/wp-json\/wp\/v2\/comments?post=54003"}],"version-history":[{"count":5,"href":"https:\/\/lib.kobe-u.ac.jp\/libraries\/wp-json\/wp\/v2\/pages\/54003\/revisions"}],"predecessor-version":[{"id":54038,"href":"https:\/\/lib.kobe-u.ac.jp\/libraries\/wp-json\/wp\/v2\/pages\/54003\/revisions\/54038"}],"up":[{"embeddable":true,"href":"https:\/\/lib.kobe-u.ac.jp\/libraries\/wp-json\/wp\/v2\/pages\/16"}],"wp:attachment":[{"href":"https:\/\/lib.kobe-u.ac.jp\/libraries\/wp-json\/wp\/v2\/media?parent=54003"}],"curies":[{"name":"wp","href":"https:\/\/api.w.org\/{rel}","templated":true}]}}