{"id":13849,"date":"2019-08-05T11:57:28","date_gmt":"2019-08-05T02:57:28","guid":{"rendered":"https:\/\/lib.kobe-u.ac.jp\/libraries\/?page_id=13849"},"modified":"2019-08-05T11:57:28","modified_gmt":"2019-08-05T02:57:28","slug":"tenjilist201908","status":"publish","type":"page","link":"https:\/\/lib.kobe-u.ac.jp\/libraries\/list\/ningen\/tenjilist201908\/","title":{"rendered":"\u4eba\u9593\u79d1\u5b66\u56f3\u66f8\u9928\u5c55\u793a\u30ea\u30b9\u30c8\u300c\u8aad\u3081\u306a\u304f\u3066\u3082\u697d\u3057\u3044\u3001\u7d75\u672c\u30b3\u30ec\u30af\u30b7\u30e7\u30f3\u300d2019\u5e748\u6708-"},"content":{"rendered":"<h3>\u4eba\u9593\u79d1\u5b66\u56f3\u66f8\u9928\u5c55\u793a\u30ea\u30b9\u30c8\u300c\u8aad\u3081\u306a\u304f\u3066\u3082\u697d\u3057\u3044\u3001\u7d75\u672c\u30b3\u30ec\u30af\u30b7\u30e7\u30f3\u300d2019\u5e748\u6708-<\/h3>\n<div class=\"list-table\">\n<table>\n<thead>\n<tr>\n<th>NO.<\/th>\n<th>\u30bf\u30a4\u30c8\u30eb\u60c5\u5831<\/th>\n<th>\u8acb\u6c42\u8a18\u53f7<\/th>\n<\/tr>\n<\/thead>\n<tbody>\n<tr>\n<th>1<\/th>\n<td data-labela=\"\u30bf\u30a4\u30c8\u30eb\u60c5\u5831\"><a href=\"\/\/op.lib.kobe-u.ac.jp\/opac\/opac_details\/?amode=11&amp;bibid=2002243151\">\u041f\u043e\u0447\u0435\u043c\u0443\u0447\u043a\u0430 \/ \u0410. \u0414\u0438\u0442\u0440\u0438\u0445, \u0413. \u042e\u0440\u043c\u0438\u043d, \u0420. \u041a\u043e\u0448\u0443\u0440\u043d\u0438\u043a\u043e\u0432\u0430. <\/a><\/td>\n<td data-labelb=\"\u8acb\u6c42\u8a18\u53f7\">038.0-P13<\/td>\n<\/tr>\n<tr>\n<th>2<\/th>\n<td data-labela=\"\u30bf\u30a4\u30c8\u30eb\u60c5\u5831\"><a href=\"\/\/op.lib.kobe-u.ac.jp\/opac\/opac_details\/?amode=11&amp;bibid=2001600058\">Father Christmas \/ Raymond Briggs. <\/a><\/td>\n<td data-labelb=\"\u8acb\u6c42\u8a18\u53f7\">725-8-24<\/td>\n<\/tr>\n<tr>\n<th>3<\/th>\n<td data-labela=\"\u30bf\u30a4\u30c8\u30eb\u60c5\u5831\"><a href=\"\/\/op.lib.kobe-u.ac.jp\/opac\/opac_details\/?amode=11&amp;bibid=2001600061\">The knitted cat \/ Antonella Bolliger-Savelli. <\/a><\/td>\n<td data-labelb=\"\u8acb\u6c42\u8a18\u53f7\">725-8-25<\/td>\n<\/tr>\n<tr>\n<th>4<\/th>\n<td data-labela=\"\u30bf\u30a4\u30c8\u30eb\u60c5\u5831\"><a href=\"\/\/op.lib.kobe-u.ac.jp\/opac\/opac_details\/?amode=11&amp;bibid=2001600136\">Das ist mein Fenster \/ Angelika Kaufmann. <\/a><\/td>\n<td data-labelb=\"\u8acb\u6c42\u8a18\u53f7\">725-8-28<\/td>\n<\/tr>\n<tr>\n<th>5<\/th>\n<td data-labela=\"\u30bf\u30a4\u30c8\u30eb\u60c5\u5831\"><a href=\"\/\/op.lib.kobe-u.ac.jp\/opac\/opac_details\/?amode=11&amp;bibid=2001599492\">L&#8217;albero \/ Iela Mari. <\/a><\/td>\n<td data-labelb=\"\u8acb\u6c42\u8a18\u53f7\">725-8-35\/\/(7)<\/td>\n<\/tr>\n<tr>\n<th>6<\/th>\n<td data-labela=\"\u30bf\u30a4\u30c8\u30eb\u60c5\u5831\"><a href=\"\/\/op.lib.kobe-u.ac.jp\/opac\/opac_details\/?amode=11&amp;bibid=2001600298\">Das gutherzige Ungeheuer \/ von Max Velthuijs. <\/a><\/td>\n<td data-labelb=\"\u8acb\u6c42\u8a18\u53f7\">725-8-35\/\/2<\/td>\n<\/tr>\n<tr>\n<th>7<\/th>\n<td data-labela=\"\u30bf\u30a4\u30c8\u30eb\u60c5\u5831\"><a href=\"\/\/op.lib.kobe-u.ac.jp\/opac\/opac_details\/?amode=11&amp;bibid=2001600260\">The witch&#8217;s garden \/ Lidia Postma. <\/a><\/td>\n<td data-labelb=\"\u8acb\u6c42\u8a18\u53f7\">725-8-35\/\/2<\/td>\n<\/tr>\n<tr>\n<th>8<\/th>\n<td data-labela=\"\u30bf\u30a4\u30c8\u30eb\u60c5\u5831\"><a href=\"\/\/op.lib.kobe-u.ac.jp\/opac\/opac_details\/?amode=11&amp;bibid=2001600263\">Ich weiss etwas was du nicht weisst \/ Idee und Bilder von Maria Enrica Agostinelli ; deutsche Textfassung von Elisabeth Borchers. <\/a><\/td>\n<td data-labelb=\"\u8acb\u6c42\u8a18\u53f7\">725-8-35\/\/3<\/td>\n<\/tr>\n<tr>\n<th>9<\/th>\n<td data-labela=\"\u30bf\u30a4\u30c8\u30eb\u60c5\u5831\"><a href=\"\/\/op.lib.kobe-u.ac.jp\/opac\/opac_details\/?amode=11&amp;bibid=2001600270\">St\u00fcck f\u00fcr St\u00fcck \/ Leo Lionni. Dt. von James Kr\u00fcss. <\/a><\/td>\n<td data-labelb=\"\u8acb\u6c42\u8a18\u53f7\">725-8-35\/\/5<\/td>\n<\/tr>\n<tr>\n<th>10<\/th>\n<td data-labela=\"\u30bf\u30a4\u30c8\u30eb\u60c5\u5831\"><a href=\"\/\/op.lib.kobe-u.ac.jp\/opac\/opac_details\/?amode=11&amp;bibid=2001600135\">The sleepy little lion \/ photographs by Ylla ; words by Margaret Wise Brown. <\/a><\/td>\n<td data-labelb=\"\u8acb\u6c42\u8a18\u53f7\">725-8-35\/\/8(14)<\/td>\n<\/tr>\n<tr>\n<th>11<\/th>\n<td data-labela=\"\u30bf\u30a4\u30c8\u30eb\u60c5\u5831\"><a href=\"\/\/op.lib.kobe-u.ac.jp\/opac\/opac_details\/?amode=11&amp;bibid=2001599398\">The fox went out on a chilly night : an old song \/ illustrated by Peter Spier. <\/a><\/td>\n<td data-labelb=\"\u8acb\u6c42\u8a18\u53f7\">725-8-35\/\/8(19)<\/td>\n<\/tr>\n<tr>\n<th>12<\/th>\n<td data-labela=\"\u30bf\u30a4\u30c8\u30eb\u60c5\u5831\"><a href=\"\/\/op.lib.kobe-u.ac.jp\/opac\/opac_details\/?amode=11&amp;bibid=2001600287\">What can a hippopotamus be? \/ words by Mike Thaler ; pictures by Robert Grossmann. <\/a><\/td>\n<td data-labelb=\"\u8acb\u6c42\u8a18\u53f7\">725-8-35\/\/8(2)<\/td>\n<\/tr>\n<tr>\n<th>13<\/th>\n<td data-labela=\"\u30bf\u30a4\u30c8\u30eb\u60c5\u5831\"><a href=\"\/\/op.lib.kobe-u.ac.jp\/opac\/opac_details\/?amode=11&amp;bibid=2001599390\">The strongest one of all : based on a Caucasian folktale \/ Mirra Ginsburg ; pictures by Jose Aruego &amp; Ariane Dewey. <\/a><\/td>\n<td data-labelb=\"\u8acb\u6c42\u8a18\u53f7\">725-8-35\/\/8(4)<\/td>\n<\/tr>\n<tr>\n<th>14<\/th>\n<td data-labela=\"\u30bf\u30a4\u30c8\u30eb\u60c5\u5831\"><a href=\"\/\/op.lib.kobe-u.ac.jp\/opac\/opac_details\/?amode=11&amp;bibid=2001600291\">Bear Circus \/ William P\u00e9ne du Bois. <\/a><\/td>\n<td data-labelb=\"\u8acb\u6c42\u8a18\u53f7\">725-8-35\/\/8(6)<\/td>\n<\/tr>\n<tr>\n<th>15<\/th>\n<td data-labela=\"\u30bf\u30a4\u30c8\u30eb\u60c5\u5831\"><a href=\"\/\/op.lib.kobe-u.ac.jp\/opac\/opac_details\/?amode=11&amp;bibid=2001599532\">Little blue and little yellow : a story for Pippo and Ann and other children \/ by Leo Lionni. <\/a><\/td>\n<td data-labelb=\"\u8acb\u6c42\u8a18\u53f7\">725-8-35\/\/9(15)<\/td>\n<\/tr>\n<tr>\n<th>16<\/th>\n<td data-labela=\"\u30bf\u30a4\u30c8\u30eb\u60c5\u5831\"><a href=\"\/\/op.lib.kobe-u.ac.jp\/opac\/opac_details\/?amode=11&amp;bibid=2001599787\">Birds \/ by Brian Wildsmith. <\/a><\/td>\n<td data-labelb=\"\u8acb\u6c42\u8a18\u53f7\">725-8-4<\/td>\n<\/tr>\n<tr>\n<th>17<\/th>\n<td data-labela=\"\u30bf\u30a4\u30c8\u30eb\u60c5\u5831\"><a href=\"\/\/op.lib.kobe-u.ac.jp\/opac\/opac_details\/?amode=11&amp;bibid=2001599594\">The last puppy \/ Frank Asch. <\/a><\/td>\n<td data-labelb=\"\u8acb\u6c42\u8a18\u53f7\">725-8-52\/\/12<\/td>\n<\/tr>\n<tr>\n<th>18<\/th>\n<td data-labela=\"\u30bf\u30a4\u30c8\u30eb\u60c5\u5831\"><a href=\"\/\/op.lib.kobe-u.ac.jp\/opac\/opac_details\/?amode=11&amp;bibid=2001605568\">The great zoo hunt \/ Pippa Unwin. <\/a><\/td>\n<td data-labelb=\"\u8acb\u6c42\u8a18\u53f7\">726.5-3\/\/25<\/td>\n<\/tr>\n<tr>\n<th>19<\/th>\n<td data-labela=\"\u30bf\u30a4\u30c8\u30eb\u60c5\u5831\"><a href=\"\/\/op.lib.kobe-u.ac.jp\/opac\/opac_details\/?amode=11&amp;bibid=2001605732\">De tre Bukke Bruse \/ Asbj\u00f8rnsen og Moe ; Tegniger af Svend Otto S. ; P\u00e5 dansk ved Anine Rud. <\/a><\/td>\n<td data-labelb=\"\u8acb\u6c42\u8a18\u53f7\">726.5-3\/\/46<\/td>\n<\/tr>\n<tr>\n<th>20<\/th>\n<td data-labela=\"\u30bf\u30a4\u30c8\u30eb\u60c5\u5831\"><a href=\"\/\/op.lib.kobe-u.ac.jp\/opac\/opac_details\/?amode=11&amp;bibid=2001605762\">The Stolen Mealies \/ an African folk-tale, retold by Lesley  Whitwell and illustrated by Mario Sickle. <\/a><\/td>\n<td data-labelb=\"\u8acb\u6c42\u8a18\u53f7\">726.5-3\/\/52<\/td>\n<\/tr>\n<tr>\n<th>21<\/th>\n<td data-labela=\"\u30bf\u30a4\u30c8\u30eb\u60c5\u5831\"><a href=\"\/\/op.lib.kobe-u.ac.jp\/opac\/opac_details\/?amode=11&amp;bibid=2001140628\">\u041a\u0430\u0440\u0442\u0438\u043d\u043d\u043e-\u0441\u0438\u0442\u0443\u0430\u0442\u0438\u0432\u043d\u044b\u0439 \u0441\u043b\u043e\u0432\u0430\u0440\u044c \u0440\u0443\u0441\u0441\u043a\u043e\u0433\u043e \u044f\u0437\u044b\u043a\u0430 \/ \u042e.\u0412. \u0412\u0430\u043d\u043d\u0438\u043a\u043e\u0432, \u0410.\u041d. \u0429\u0443\u043a\u0438\u043d, \u0410.\u041f. \u041c\u0443\u0448\u0442\u0430\u043a\u043e\u0432\u0430. <\/a><\/td>\n<td data-labelb=\"\u8acb\u6c42\u8a18\u53f7\">883.0-P13<\/td>\n<\/tr>\n<tr>\n<th>22<\/th>\n<td data-labela=\"\u30bf\u30a4\u30c8\u30eb\u60c5\u5831\"><a href=\"\/\/op.lib.kobe-u.ac.jp\/opac\/opac_details\/?amode=11&amp;bibid=2001039833\">A stitch in rhyme : nursery rhymes with embroideries \/ by Belinda Downes. <\/a><\/td>\n<td data-labelb=\"\u8acb\u6c42\u8a18\u53f7\">933.8-18<\/td>\n<\/tr>\n<tr>\n<th>23<\/th>\n<td data-labela=\"\u30bf\u30a4\u30c8\u30eb\u60c5\u5831\"><a href=\"\/\/op.lib.kobe-u.ac.jp\/opac\/opac_details\/?amode=11&amp;bibid=2001090004\">In the night kitchen \/ Maurice Sendak. <\/a><\/td>\n<td data-labelb=\"\u8acb\u6c42\u8a18\u53f7\">933.8-20<\/td>\n<\/tr>\n<tr>\n<th>24<\/th>\n<td data-labela=\"\u30bf\u30a4\u30c8\u30eb\u60c5\u5831\"><a href=\"\/\/op.lib.kobe-u.ac.jp\/opac\/opac_details\/?amode=11&amp;bibid=2001090006\">Where the wild things are \/ Story and pictures by Maurice Sendak. <\/a><\/td>\n<td data-labelb=\"\u8acb\u6c42\u8a18\u53f7\">933.8-21<\/td>\n<\/tr>\n<tr>\n<th>25<\/th>\n<td data-labela=\"\u30bf\u30a4\u30c8\u30eb\u60c5\u5831\"><a href=\"\/\/op.lib.kobe-u.ac.jp\/opac\/opac_details\/?amode=11&amp;bibid=2001609485\">The little house \/ story and pictures by Virginia Lee Burton. <\/a><\/td>\n<td data-labelb=\"\u8acb\u6c42\u8a18\u53f7\">933-8-63<\/td>\n<\/tr>\n<tr>\n<th>26<\/th>\n<td data-labela=\"\u30bf\u30a4\u30c8\u30eb\u60c5\u5831\"><a href=\"\/\/op.lib.kobe-u.ac.jp\/opac\/opac_details\/?amode=11&amp;bibid=2001668706\">Il polipo e i pirati \/ Mario Soldati ; illustrazioni di Alberto Longoni. <\/a><\/td>\n<td data-labelb=\"\u8acb\u6c42\u8a18\u53f7\">973-8-3<\/td>\n<\/tr>\n<tr>\n<th>27<\/th>\n<td data-labela=\"\u30bf\u30a4\u30c8\u30eb\u60c5\u5831\"><a href=\"\/\/op.lib.kobe-u.ac.jp\/opac\/opac_details\/?amode=11&amp;bibid=2002141498\">\u0414\u0432\u0430 \u043f\u0456\u0432\u043d\u0438\u043a\u0438 : \u0423\u043a\u0440\u0430\u0457\u043d\u0441\u044c\u043a\u0438\u0439 \u043d\u0430\u0440\u043e\u0434\u043d\u0456 \u043f\u0456\u0441\u0435\u043d\u044c\u043a\u0438 \u0442\u0430 \u043a\u0430\u0437\u043a\u0438 \/ [\u0432 \u043e\u0444\u043e\u0440\u043c\u043b\u0435\u043d\u043d\u0456 \u0412\u043e\u043b\u043e\u0434\u0438\u043c\u0438\u0440\u0430 \u0413\u043e\u043b\u043e\u0437\u0443\u0431\u043e\u0432\u0430] = Two chanticleers : children&#8217;s folk rhymes and a folk tale from the Ukraine. <\/a><\/td>\n<td data-labelb=\"\u8acb\u6c42\u8a18\u53f7\">983-8-25<\/td>\n<\/tr>\n<tr>\n<th>28<\/th>\n<td data-labela=\"\u30bf\u30a4\u30c8\u30eb\u60c5\u5831\"><a href=\"\/\/op.lib.kobe-u.ac.jp\/opac\/opac_details\/?amode=11&amp;bibid=2001159016\">\u65c5\u306e\u7d75\u672c \/ \u5b89\u91ce\u5149\u96c5\u8457 ; [1]. <\/a><\/td>\n<td data-labelb=\"\u8acb\u6c42\u8a18\u53f7\">725-8-54<\/td>\n<\/tr>\n<tr>\n<th>29<\/th>\n<td data-labela=\"\u30bf\u30a4\u30c8\u30eb\u60c5\u5831\"><a href=\"\/\/op.lib.kobe-u.ac.jp\/opac\/opac_details\/?amode=11&amp;bibid=2001159016\">\u65c5\u306e\u7d75\u672c \/ \u5b89\u91ce\u5149\u96c5\u8457 ; 2. <\/a><\/td>\n<td data-labelb=\"\u8acb\u6c42\u8a18\u53f7\">725-8-54<\/td>\n<\/tr>\n<tr>\n<th>30<\/th>\n<td data-labela=\"\u30bf\u30a4\u30c8\u30eb\u60c5\u5831\"><a href=\"\/\/op.lib.kobe-u.ac.jp\/opac\/opac_details\/?amode=11&amp;bibid=2002219979\">\u3042\u304a\u304f\u3093\u3068\u304d\u3044\u308d\u3061\u3083\u3093 \/ \u30ec\u30aa\u30fb\u30ec\u30aa\u30fc\u30cb\u4f5c ; \u85e4\u7530\u572d\u96c4\u8a33. <\/a><\/td>\n<td data-labelb=\"\u8acb\u6c42\u8a18\u53f7\">725-8-69<\/td>\n<\/tr>\n<tr>\n<th>31<\/th>\n<td data-labela=\"\u30bf\u30a4\u30c8\u30eb\u60c5\u5831\"><a href=\"\/\/op.lib.kobe-u.ac.jp\/opac\/opac_details\/?amode=11&amp;bibid=2001206136\">\u3061\u3044\u3055\u3044\u304a\u3046\u3061 \/ \u3070\u30fc\u3058\u306b\u3042\u30fb\u308a\u30fc\u30fb\u3070\u30fc\u3068\u3093\u3076\u3093\u3068\u3048 ; \u3044\u3057\u3044\u3082\u3082\u3053\u3084\u304f. <\/a><\/td>\n<td data-labelb=\"\u8acb\u6c42\u8a18\u53f7\">726.5-31<\/td>\n<\/tr>\n<tr>\n<th>32<\/th>\n<td data-labela=\"\u30bf\u30a4\u30c8\u30eb\u60c5\u5831\"><a href=\"\/\/op.lib.kobe-u.ac.jp\/opac\/opac_details\/?amode=11&amp;bibid=2001428824\">\u4e09\u3073\u304d\u306e\u3084\u304e\u306e\u304c\u3089\u304c\u3089\u3069\u3093 : \u30a2\u30b9\u30d3\u30e7\u30eb\u30f3\u30bb\u30f3\u3068\u30e2\u30fc\u306e\u5317\u6b27\u6c11\u8a71 \/ \u30de\u30fc\u30b7\u30e3\u30fb\u30d6\u30e9\u30a6\u30f3\u3048 ; \u702c\u7530\u8c9e\u4e8c\u3084\u304f. <\/a><\/td>\n<td data-labelb=\"\u8acb\u6c42\u8a18\u53f7\">913-8-294<\/td>\n<\/tr>\n<tr>\n<th>33<\/th>\n<td data-labela=\"\u30bf\u30a4\u30c8\u30eb\u60c5\u5831\"><a href=\"\/\/op.lib.kobe-u.ac.jp\/opac\/opac_details\/?amode=11&amp;bibid=2001104046\">\u3044\u305f\u305a\u3089\u304d\u304b\u3093\u3057\u3083\u3061\u3085\u3046\u3061\u3085\u3046 \/ \u30d0\u30fc\u30b8\u30cb\u30a2\u30fb\u30ea\u30fc\u30fb\u30d0\u30fc\u30c8\u30f3\u3076\u3093\u30fb\u3048 ; \u3080\u3089\u304a\u304b\u306f\u306a\u3053\u3084\u304f. <\/a><\/td>\n<td data-labelb=\"\u8acb\u6c42\u8a18\u53f7\">933-8-17<\/td>\n<\/tr>\n<tr>\n<th>34<\/th>\n<td data-labela=\"\u30bf\u30a4\u30c8\u30eb\u60c5\u5831\"><a href=\"\/\/op.lib.kobe-u.ac.jp\/opac\/opac_details\/?amode=11&amp;bibid=2001104104\">\u306f\u306a\u3092\u304f\u3093\u304f\u3093 \/ \u30eb\u30fc\u30b9\u30fb\u30af\u30e9\u30a6\u30b9\u3076\u3093 ; \u30de\u30fc\u30af\u30fb\u30b5\u30a4\u30e2\u30f3\u30c8\u3048 ; \u304d\u3058\u307e\u306f\u3058\u3081\u3084\u304f. <\/a><\/td>\n<td data-labelb=\"\u8acb\u6c42\u8a18\u53f7\">933-8-18<\/td>\n<\/tr>\n<tr>\n<th>35<\/th>\n<td data-labela=\"\u30bf\u30a4\u30c8\u30eb\u60c5\u5831\"><a href=\"\/\/op.lib.kobe-u.ac.jp\/opac\/opac_details\/?amode=11&amp;bibid=2001104047\">\u3069\u308d\u3093\u3053\u30cf\u30ea\u30fc \/ \u30b8\u30fc\u30f3\u30fb\u30b8\u30aa\u30f3\u3076\u3093 ; \u30de\u30fc\u30ac\u30ec\u30c3\u30c8\u30fb\u30d6\u30ed\u30a4\u30fb\u30b0\u30ec\u30a2\u30e0\u3048 ; \u308f\u305f\u306a\u3079\u3057\u3052\u304a\u3084\u304f. <\/a><\/td>\n<td data-labelb=\"\u8acb\u6c42\u8a18\u53f7\">933-8-19<\/td>\n<\/tr>\n<tr>\n<th>36<\/th>\n<td data-labela=\"\u30bf\u30a4\u30c8\u30eb\u60c5\u5831\"><a href=\"\/\/op.lib.kobe-u.ac.jp\/opac\/opac_details\/?amode=11&amp;bibid=2001104105\">\u3057\u308d\u3044\u3046\u3055\u304e\u3068\u304f\u308d\u3044\u3046\u3055\u304e \/ \u30ac\u30fc\u30b9\u30fb\u30a6\u30a4\u30ea\u30a2\u30e0\u30ba\u3076\u3093,\u3048 ; \u307e\u3064\u304a\u304b\u304d\u3087\u3046\u3053\u3084\u304f. <\/a><\/td>\n<td data-labelb=\"\u8acb\u6c42\u8a18\u53f7\">933-8-20<\/td>\n<\/tr>\n<tr>\n<th>37<\/th>\n<td data-labela=\"\u30bf\u30a4\u30c8\u30eb\u60c5\u5831\"><a href=\"\/\/op.lib.kobe-u.ac.jp\/opac\/opac_details\/?amode=11&amp;bibid=2001104041\">\u4e09\u3073\u304d\u306e\u3053\u3076\u305f : \u30a4\u30ae\u30ea\u30b9\u6614\u8a71 \/ \u702c\u7530\u8c9e\u4e8c\u3084\u304f ; \u5c71\u7530\u4e09\u90ce\u3048. <\/a><\/td>\n<td data-labelb=\"\u8acb\u6c42\u8a18\u53f7\">933-8-9<\/td>\n<\/tr>\n<tr>\n<th>38<\/th>\n<td data-labela=\"\u30bf\u30a4\u30c8\u30eb\u60c5\u5831\"><a href=\"\/\/op.lib.kobe-u.ac.jp\/opac\/opac_details\/?amode=11&amp;bibid=2001104976\">\u3066\u3076\u304f\u308d : \u30a6\u30af\u30e9\u30a4\u30ca\u6c11\u8a71 \/ \u30a8\u30a6\u30b2\u30fc\u30cb\u30fc\u30fbM\u30fb\u30e9\u30c1\u30e7\u30d5\u3048 ; \u3046\u3061\u3060\u308a\u3055\u3053\u3084\u304f. <\/a><\/td>\n<td data-labelb=\"\u8acb\u6c42\u8a18\u53f7\">989-0-2<\/td>\n<\/tr>\n<\/tbody>\n<\/table>\n<\/div>\n","protected":false},"excerpt":{"rendered":"<p>\u4eba\u9593\u79d1\u5b66\u56f3\u66f8\u9928\u5c55\u793a\u30ea\u30b9\u30c8\u300c\u8aad\u3081\u306a\u304f\u3066\u3082\u697d\u3057\u3044\u3001\u7d75\u672c\u30b3\u30ec\u30af\u30b7\u30e7\u30f3\u300d2019\u5e748\u6708- NO. \u30bf\u30a4\u30c8\u30eb\u60c5\u5831 \u8acb\u6c42\u8a18\u53f7 1 \u041f\u043e\u0447\u0435\u043c\u0443\u0447\u043a\u0430 \/ \u0410. \u0414\u0438\u0442\u0440\u0438\u0445\u2026<\/p>\n","protected":false},"author":8,"featured_media":0,"parent":14,"menu_order":0,"comment_status":"closed","ping_status":"closed","template":"page-templates\/full-width.php","meta":{"_locale":"","_original_post":"","footnotes":""},"class_list":["post-13849","page","type-page","status-publish","hentry","ja"],"aioseo_notices":[],"_links":{"self":[{"href":"https:\/\/lib.kobe-u.ac.jp\/libraries\/wp-json\/wp\/v2\/pages\/13849","targetHints":{"allow":["GET"]}}],"collection":[{"href":"https:\/\/lib.kobe-u.ac.jp\/libraries\/wp-json\/wp\/v2\/pages"}],"about":[{"href":"https:\/\/lib.kobe-u.ac.jp\/libraries\/wp-json\/wp\/v2\/types\/page"}],"author":[{"embeddable":true,"href":"https:\/\/lib.kobe-u.ac.jp\/libraries\/wp-json\/wp\/v2\/users\/8"}],"replies":[{"embeddable":true,"href":"https:\/\/lib.kobe-u.ac.jp\/libraries\/wp-json\/wp\/v2\/comments?post=13849"}],"version-history":[{"count":1,"href":"https:\/\/lib.kobe-u.ac.jp\/libraries\/wp-json\/wp\/v2\/pages\/13849\/revisions"}],"predecessor-version":[{"id":13850,"href":"https:\/\/lib.kobe-u.ac.jp\/libraries\/wp-json\/wp\/v2\/pages\/13849\/revisions\/13850"}],"up":[{"embeddable":true,"href":"https:\/\/lib.kobe-u.ac.jp\/libraries\/wp-json\/wp\/v2\/pages\/14"}],"wp:attachment":[{"href":"https:\/\/lib.kobe-u.ac.jp\/libraries\/wp-json\/wp\/v2\/media?parent=13849"}],"curies":[{"name":"wp","href":"https:\/\/api.w.org\/{rel}","templated":true}]}}